{"id":6134,"date":"2023-06-14T11:31:40","date_gmt":"2023-06-14T09:31:40","guid":{"rendered":"https:\/\/solercristina.com\/legal-warning\/"},"modified":"2023-10-04T12:52:11","modified_gmt":"2023-10-04T10:52:11","slug":"legal-warning","status":"publish","type":"page","link":"https:\/\/solercristina.com\/en\/legal-warning\/","title":{"rendered":"LEGAL WARNING"},"content":{"rendered":"\t\t<div data-elementor-type=\"wp-page\" data-elementor-id=\"6134\" class=\"elementor elementor-6134 elementor-5288\" data-elementor-post-type=\"page\">\n\t\t\t\t\t\t<section class=\"elementor-section elementor-top-section elementor-element elementor-element-16f2e989 elementor-section-boxed elementor-section-height-default elementor-section-height-default wpr-particle-no wpr-jarallax-no wpr-parallax-no wpr-sticky-section-no\" data-id=\"16f2e989\" data-element_type=\"section\">\n\t\t\t\t\t\t<div class=\"elementor-container elementor-column-gap-default\">\n\t\t\t\t\t<div class=\"elementor-column elementor-col-100 elementor-top-column elementor-element elementor-element-e331344\" data-id=\"e331344\" data-element_type=\"column\">\n\t\t\t<div class=\"elementor-widget-wrap elementor-element-populated\">\n\t\t\t\t\t\t<div class=\"elementor-element elementor-element-4e9d679 elementor-widget elementor-widget-text-editor\" data-id=\"4e9d679\" data-element_type=\"widget\" data-widget_type=\"text-editor.default\">\n\t\t\t\t<div class=\"elementor-widget-container\">\n\t\t\t\t\t\t\t\t\t<p>LEGAL WARNING<br \/>The following text regulates the use of the website https:\/\/solercristina.com\/, by Internet users. Please read the Legal Notice carefully each time you visit this website as it may be modified at any time. If you do not agree with the stipulations, do not use the website.<\/p><p>Ownership<br \/>In compliance with the provisions of Law 34\/2002, of July 11, on Information Society Services and Electronic Commerce, it is reported that the owner of the website is CRISTINA SOLER PASTOR with tax address at Calle Sevilla n\u00ba 6 , door 4, CP 46006, Valencia, NIF 74382521S<\/p><p>Object<br \/>Through this website, users are provided with access to various content and information made available by https:\/\/solercristina.com\/ or by third-party service and content providers.\u00a0<span style=\"background-color: var(--rh-color-white); color: var(--rh-global-color-text);\">\u00a0CRISTINA SOLER PASTOR<\/span><span style=\"background-color: var(--rh-color-white); color: var(--rh-global-color-text);\">\u00a0reserves the right to modify at any time the presentation, configuration and location of the website, as well as the contents, products and services contained therein. Access, navigation and use of the https:\/\/solercristina.com\/ Website entails and implies acceptance by the User of these General Conditions. In this sense, User will be understood as the person who accesses, browses, uses or participates in the services and activities, free or expensive, developed on the Website. The purpose of this Legal Notice is to regulate access, navigation and use of the Website, without prejudice to the fact that CRISTINA SOLER PASTOR may establish particular conditions that regulate the use of services and\/or contracting of specific products offered to Users through the Site. Web.<\/span><\/p><p>Access conditions<br \/>Access to the website is free of charge, and prior authentication by entering the username and password is necessary to use certain services. When it is necessary to provide personal data to access certain content or to use a service, users will guarantee its veracity, accuracy, authenticity and validity. CRISTINA SOLER PASTOR will give said data the corresponding automated processing based on its nature or purpose, under the conditions and terms indicated in the Privacy Policy section.<\/p><p>Intellectual property \/ Copyright<br \/>CRISTINA SOLER PASTOR holds the ownership of this website. All industrial and intellectual property rights on this Internet portal are the exclusive property of the company that owns the website or third parties (unless otherwise indicated), so access to it or its use, by of the user, should not be considered, in any way, as granting any license to use or right over any asset.<\/p><p>Users of the website may only make private, personal or professional use of its contents. The use of the website or any of its elements for commercial or illicit purposes is absolutely prohibited.<\/p><p>No acts of reproduction, modification, distribution or public communication of the website or its contents may be carried out without the prior written consent of CRISTINA SOLER PASTOR, unless legally authorized.<\/p><p>CRISTINA SOLER PASTOR will not assume any responsibility derived from the use by third parties of the content of the website and may exercise all civil or criminal actions that correspond to it in the event of infringement of these rights by the user.<\/p><p>It is necessary to authorize the installation of cookies sent by the Website server.<\/p><p>Exemption from Liability Clause<br \/>The contents incorporated into the website have been prepared at all times in good faith with the purpose of providing information to users, so the company does not assume any type of responsibility regarding the integrity or accuracy of the aforementioned information nor does it guarantee its accuracy. nor the updating of the information that can be obtained from it, which may be modified without prior notice. Nor is it responsible for any typographical, formal or numerical errors that the website may contain.<\/p><p>ASESORIA JJM-MONTESINOS S.L. is not responsible for any misuse that users may make of the website.<\/p><p>1. Responsibility for the operation of the website.<br \/>CRISTINA SOLER PASTOR will try to minimize the problems caused by technical errors, and may proceed to temporarily suspend the services and contents of the website to carry out maintenance, improvement or repair operations thereof, without this giving rise to any compensation to the user for these concepts.<\/p><p>Please note that some information contained on this website may have been created or collected in files or formats that are not error-free, so it cannot be guaranteed that the service will not be interrupted or affected by such problems.<\/p><div><div data-initial-text=\"\">La empresa no asume responsabilidad alguna respecto de los da\u00f1os que pudieran ocasionar al usuario a resultas de la consulta de la presente p\u00e1gina web, o de aquellas otras externas objeto de reenv\u00edo. La empresa no ser\u00e1 responsable en caso de que existan interrupciones del servicio, o mal funcionamiento del mismo que tengan su origen en supuestos de caso fortuito, fuerza mayor u otras causas que escapan de su control. 2. Responsabilidad por el uso de enlaces La empresa no asume ninguna responsabilidad derivada de la existencia de enlaces entre los contenidos de este sitio y contenidos situados fuera del mismo, o de cualquier otra menci\u00f3n de contenidos externos a este sitio. La p\u00e1gina dispone de enlaces a nuestros perfiles en las redes sociales. En el caso de que la empresa constate por alg\u00fan medio la ilicitud de la p\u00e1gina web, o que lesiona bienes o derechos de un tercero susceptibles de indemnizaci\u00f3n, la empresa suprimir\u00e1 o inutilizar\u00e1 dicho enlace. La presencia de otros enlaces en el sitio web tiene una finalidad meramente informativa, no constituyendo en ning\u00fan caso una invitaci\u00f3n o recomendaci\u00f3n a la contrataci\u00f3n de productos o servicios que se ofrezcan en el sitio de Internet de destino, y en ning\u00fan caso implican el apoyo a las personas o entidades autoras de tales contenidos o titulares de los sitios donde se encuentren.<\/div><\/div><div><div data-show-delay-ms=\"250\" data-append-to-body=\"true\" data-propagate-tooltip-mouseover-events=\"true\" data-anchor-corner=\"bottom-left\" data-enable-skip-handler=\"false\" data-popup-corner=\"top-left\"><div><div>\u00a0<\/div><p><button data-disable-idom=\"true\" aria-label=\"Borrar texto de origen\"><\/button><button data-disable-idom=\"true\" aria-label=\"Borrar texto de origen\"><i lang=\"\" aria-hidden=\"true\">clear<\/i><\/button><\/p><div>\u00a0<\/div><\/div><\/div><\/div><div aria-hidden=\"true\" data-location=\"1\"><div>\u00a0<\/div><\/div><div>\u00a0<\/div><div><div><a href=\"https:\/\/translate.google.com\/details\">Ver detalles<\/a><\/div><\/div><div><div><div data-show-delay-ms=\"250\" data-append-to-body=\"false\" data-propagate-tooltip-mouseover-events=\"true\" data-anchor-corner=\"bottom-left\" data-enable-skip-handler=\"false\" data-popup-corner=\"top-left\"><div><div>\u00a0<\/div><div>\u00a0<\/div><\/div><\/div><\/div><div><div data-language-code=\"en\" data-language-name=\"ingl\u00e9s\" data-text=\"\" data-crosslingual-hint=\"null\" data-location=\"1\" data-enable-toggle-playback-speed=\"true\"><div><div>\u00a0<\/div><div>\u00a0<\/div><div role=\"tooltip\" aria-hidden=\"true\">\u00a0<\/div><\/div><\/div><\/div><p><span role=\"img\" aria-label=\"Usados 1.352 caracteres del total posible de 5.000\">1.352\u00a0\/\u00a05.000<\/span><\/p><div><div data-show-delay-ms=\"250\" data-append-to-body=\"true\" data-propagate-tooltip-mouseover-events=\"true\" data-anchor-corner=\"bottom-left\" data-enable-skip-handler=\"false\" data-popup-corner=\"top-left\"><div><div><div><div tabindex=\"-1\">\u00a0<\/div><\/div><\/div><\/div><\/div><\/div><\/div><h2>Resultados de traducci\u00f3n<\/h2><div><h3>Resultado de traducci\u00f3n<\/h3><div><div><div><span lang=\"en\">The company does not assume any responsibility for any damage that may be caused to the user as a result of consulting this website, or any other external pages that are forwarded. The company will not be responsible in the event that there are interruptions in the service, or malfunctions of the same that originate in cases of fortuitous event, force majeure or other causes that are beyond its control. 2. Responsibility for the use of links The company does not assume any responsibility derived from the existence of links between the contents of this site and content located outside it, or any other mention of content external to this site. The page has links to our profiles on social networks. In the event that the company establishes by any means the illegality of the website, or that it damages property or rights of a third party susceptible to compensation, the company will delete or disable said link. The presence of other links on the website has a purely informative purpose, not constituting in any case an invitation or recommendation to contract products or services offered on the destination Internet site, and in no case do they imply support for the persons or entities responsible for such content or owners of the sites where they are found.<\/span><\/div><\/div><\/div><\/div>\t\t\t\t\t\t\t\t<\/div>\n\t\t\t\t<\/div>\n\t\t\t\t\t<\/div>\n\t\t<\/div>\n\t\t\t\t\t<\/div>\n\t\t<\/section>\n\t\t\t\t<\/div>\n\t\t","protected":false},"excerpt":{"rendered":"<p>LEGAL WARNINGThe following text regulates the use of the website https:\/\/solercristina.com\/, by Internet users. Please read the Legal Notice carefully each time you visit this website as it may be modified at any time. If you do not agree with the stipulations, do not use the website. OwnershipIn compliance with the provisions of Law 34\/2002, of July 11, on Information Society Services and Electronic Commerce, it is reported that the owner of the website is CRISTINA SOLER PASTOR with tax address at Calle Sevilla n\u00ba 6 , door 4, CP 46006, Valencia, NIF 74382521S ObjectThrough this website, users are provided with access to various content and information made available by https:\/\/solercristina.com\/ or by third-party service and content providers.\u00a0\u00a0CRISTINA SOLER PASTOR\u00a0reserves the right to modify at any time the presentation, configuration and location of the website, as well as the contents, products and services contained therein. Access, navigation and use of the https:\/\/solercristina.com\/ Website entails and implies acceptance by the User of these General Conditions. In this sense, User will be understood as the person who accesses, browses, uses or participates in the services and activities, free or expensive, developed on the Website. The purpose of this Legal Notice is to regulate access, navigation and use of the Website, without prejudice to the fact that CRISTINA SOLER PASTOR may establish particular conditions that regulate the use of services and\/or contracting of specific products offered to Users through the Site. Web. Access conditionsAccess to the website is free of charge, and prior authentication by entering the username and password is necessary to use certain services. When it is necessary to provide personal data to access certain content or to use a service, users will guarantee its veracity, accuracy, authenticity and validity. CRISTINA SOLER PASTOR will give said data the corresponding automated processing based on its nature or purpose, under the conditions and terms indicated in the Privacy Policy section. Intellectual property \/ CopyrightCRISTINA SOLER PASTOR holds the ownership of this website. All industrial and intellectual property rights on this Internet portal are the exclusive property of the company that owns the website or third parties (unless otherwise indicated), so access to it or its use, by of the user, should not be considered, in any way, as granting any license to use or right over any asset. Users of the website may only make private, personal or professional use of its contents. The use of the website or any of its elements for commercial or illicit purposes is absolutely prohibited. No acts of reproduction, modification, distribution or public communication of the website or its contents may be carried out without the prior written consent of CRISTINA SOLER PASTOR, unless legally authorized. CRISTINA SOLER PASTOR will not assume any responsibility derived from the use by third parties of the content of the website and may exercise all civil or criminal actions that correspond to it in the event of infringement of these rights by the user. It is necessary to authorize the installation of cookies sent by the Website server. Exemption from Liability ClauseThe contents incorporated into the website have been prepared at all times in good faith with the purpose of providing information to users, so the company does not assume any type of responsibility regarding the integrity or accuracy of the aforementioned information nor does it guarantee its accuracy. nor the updating of the information that can be obtained from it, which may be modified without prior notice. Nor is it responsible for any typographical, formal or numerical errors that the website may contain. ASESORIA JJM-MONTESINOS S.L. is not responsible for any misuse that users may make of the website. 1. Responsibility for the operation of the website.CRISTINA SOLER PASTOR will try to minimize the problems caused by technical errors, and may proceed to temporarily suspend the services and contents of the website to carry out maintenance, improvement or repair operations thereof, without this giving rise to any compensation to the user for these concepts. Please note that some information contained on this website may have been created or collected in files or formats that are not error-free, so it cannot be guaranteed that the service will not be interrupted or affected by such problems. La empresa no asume responsabilidad alguna respecto de los da\u00f1os que pudieran ocasionar al usuario a resultas de la consulta de la presente p\u00e1gina web, o de aquellas otras externas objeto de reenv\u00edo. La empresa no ser\u00e1 responsable en caso de que existan interrupciones del servicio, o mal funcionamiento del mismo que tengan su origen en supuestos de caso fortuito, fuerza mayor u otras causas que escapan de su control. 2. Responsabilidad por el uso de enlaces La empresa no asume ninguna responsabilidad derivada de la existencia de enlaces entre los contenidos de este sitio y contenidos situados fuera del mismo, o de cualquier otra menci\u00f3n de contenidos externos a este sitio. La p\u00e1gina dispone de enlaces a nuestros perfiles en las redes sociales. En el caso de que la empresa constate por alg\u00fan medio la ilicitud de la p\u00e1gina web, o que lesiona bienes o derechos de un tercero susceptibles de indemnizaci\u00f3n, la empresa suprimir\u00e1 o inutilizar\u00e1 dicho enlace. La presencia de otros enlaces en el sitio web tiene una finalidad meramente informativa, no constituyendo en ning\u00fan caso una invitaci\u00f3n o recomendaci\u00f3n a la contrataci\u00f3n de productos o servicios que se ofrezcan en el sitio de Internet de destino, y en ning\u00fan caso implican el apoyo a las personas o entidades autoras de tales contenidos o titulares de los sitios donde se encuentren.\u00a0 clear \u00a0\u00a0\u00a0Ver detalles\u00a0\u00a0\u00a0\u00a0\u00a0 1.352\u00a0\/\u00a05.000 \u00a0 Resultados de traducci\u00f3n Resultado de traducci\u00f3n The company does not assume any responsibility for any damage that may be caused to the user as a result of consulting this website, or any other external pages that are forwarded. The company will not be responsible in the event that there are interruptions in the service, or malfunctions of the same that originate in cases of fortuitous event,&#8230;<\/p>\n","protected":false},"author":1,"featured_media":0,"parent":0,"menu_order":0,"comment_status":"closed","ping_status":"closed","template":"elementor_canvas","meta":{"_joinchat":[],"footnotes":""},"class_list":["post-6134","page","type-page","status-publish","hentry"],"yoast_head":"<!-- This site is optimized with the Yoast SEO plugin v26.8 - https:\/\/yoast.com\/product\/yoast-seo-wordpress\/ -->\n<title>LEGAL WARNING - Cristina Soler<\/title>\n<meta name=\"description\" content=\"LEGAL WARNINGThe following text regulates the use of the website https:\/\/solercristina.com\/, by Internet users.\" \/>\n<meta name=\"robots\" content=\"index, follow, max-snippet:-1, max-image-preview:large, max-video-preview:-1\" \/>\n<link rel=\"canonical\" href=\"https:\/\/solercristina.com\/en\/legal-warning\/\" \/>\n<meta property=\"og:locale\" content=\"en_US\" \/>\n<meta property=\"og:type\" content=\"article\" \/>\n<meta property=\"og:title\" content=\"LEGAL WARNING - Cristina Soler\" \/>\n<meta property=\"og:description\" content=\"LEGAL WARNINGThe following text regulates the use of the website https:\/\/solercristina.com\/, by Internet users.\" \/>\n<meta property=\"og:url\" content=\"https:\/\/solercristina.com\/en\/legal-warning\/\" \/>\n<meta property=\"og:site_name\" content=\"Cristina Soler\" \/>\n<meta property=\"article:modified_time\" content=\"2023-10-04T10:52:11+00:00\" \/>\n<meta property=\"og:image\" content=\"https:\/\/solercristina.com\/wp-content\/uploads\/2023\/06\/LOGO-POR-DETRAS-CON-FONDO-TRANSPARENTE.webp\" \/>\n\t<meta property=\"og:image:width\" content=\"1563\" \/>\n\t<meta property=\"og:image:height\" content=\"1563\" \/>\n\t<meta property=\"og:image:type\" content=\"image\/webp\" \/>\n<meta name=\"twitter:card\" content=\"summary_large_image\" \/>\n<meta name=\"twitter:label1\" content=\"Est. reading time\" \/>\n\t<meta name=\"twitter:data1\" content=\"6 minutes\" \/>\n<script type=\"application\/ld+json\" class=\"yoast-schema-graph\">{\"@context\":\"https:\/\/schema.org\",\"@graph\":[{\"@type\":\"WebPage\",\"@id\":\"https:\/\/solercristina.com\/en\/legal-warning\/\",\"url\":\"https:\/\/solercristina.com\/en\/legal-warning\/\",\"name\":\"LEGAL WARNING - Cristina Soler\",\"isPartOf\":{\"@id\":\"https:\/\/solercristina.com\/en\/#website\"},\"datePublished\":\"2023-06-14T09:31:40+00:00\",\"dateModified\":\"2023-10-04T10:52:11+00:00\",\"description\":\"LEGAL WARNINGThe following text regulates the use of the website https:\/\/solercristina.com\/, by Internet users.\",\"breadcrumb\":{\"@id\":\"https:\/\/solercristina.com\/en\/legal-warning\/#breadcrumb\"},\"inLanguage\":\"en-US\",\"potentialAction\":[{\"@type\":\"ReadAction\",\"target\":[\"https:\/\/solercristina.com\/en\/legal-warning\/\"]}]},{\"@type\":\"BreadcrumbList\",\"@id\":\"https:\/\/solercristina.com\/en\/legal-warning\/#breadcrumb\",\"itemListElement\":[{\"@type\":\"ListItem\",\"position\":1,\"name\":\"Portada\",\"item\":\"https:\/\/solercristina.com\/en\/\"},{\"@type\":\"ListItem\",\"position\":2,\"name\":\"LEGAL WARNING\"}]},{\"@type\":\"WebSite\",\"@id\":\"https:\/\/solercristina.com\/en\/#website\",\"url\":\"https:\/\/solercristina.com\/en\/\",\"name\":\"Cristina Soler Abogados - Inmobiliaria\",\"description\":\"Abogada - Inmobiliaria (Lawyers and Real Estate)\",\"publisher\":{\"@id\":\"https:\/\/solercristina.com\/en\/#organization\"},\"alternateName\":\"Abogados - Inmobiliaria - Cristina Soler\",\"potentialAction\":[{\"@type\":\"SearchAction\",\"target\":{\"@type\":\"EntryPoint\",\"urlTemplate\":\"https:\/\/solercristina.com\/en\/?s={search_term_string}\"},\"query-input\":{\"@type\":\"PropertyValueSpecification\",\"valueRequired\":true,\"valueName\":\"search_term_string\"}}],\"inLanguage\":\"en-US\"},{\"@type\":\"Organization\",\"@id\":\"https:\/\/solercristina.com\/en\/#organization\",\"name\":\"Cristina Soler Abogados - Inmobiliaria\",\"url\":\"https:\/\/solercristina.com\/en\/\",\"logo\":{\"@type\":\"ImageObject\",\"inLanguage\":\"en-US\",\"@id\":\"https:\/\/solercristina.com\/en\/#\/schema\/logo\/image\/\",\"url\":\"https:\/\/solercristina.com\/wp-content\/uploads\/2022\/11\/cropped-CSS_250x250.jpg\",\"contentUrl\":\"https:\/\/solercristina.com\/wp-content\/uploads\/2022\/11\/cropped-CSS_250x250.jpg\",\"width\":512,\"height\":512,\"caption\":\"Cristina Soler Abogados - Inmobiliaria\"},\"image\":{\"@id\":\"https:\/\/solercristina.com\/en\/#\/schema\/logo\/image\/\"}}]}<\/script>\n<!-- \/ Yoast SEO plugin. -->","yoast_head_json":{"title":"LEGAL WARNING - Cristina Soler","description":"LEGAL WARNINGThe following text regulates the use of the website https:\/\/solercristina.com\/, by Internet users.","robots":{"index":"index","follow":"follow","max-snippet":"max-snippet:-1","max-image-preview":"max-image-preview:large","max-video-preview":"max-video-preview:-1"},"canonical":"https:\/\/solercristina.com\/en\/legal-warning\/","og_locale":"en_US","og_type":"article","og_title":"LEGAL WARNING - Cristina Soler","og_description":"LEGAL WARNINGThe following text regulates the use of the website https:\/\/solercristina.com\/, by Internet users.","og_url":"https:\/\/solercristina.com\/en\/legal-warning\/","og_site_name":"Cristina Soler","article_modified_time":"2023-10-04T10:52:11+00:00","og_image":[{"width":1563,"height":1563,"url":"https:\/\/solercristina.com\/wp-content\/uploads\/2023\/06\/LOGO-POR-DETRAS-CON-FONDO-TRANSPARENTE.webp","type":"image\/webp"}],"twitter_card":"summary_large_image","twitter_misc":{"Est. reading time":"6 minutes"},"schema":{"@context":"https:\/\/schema.org","@graph":[{"@type":"WebPage","@id":"https:\/\/solercristina.com\/en\/legal-warning\/","url":"https:\/\/solercristina.com\/en\/legal-warning\/","name":"LEGAL WARNING - Cristina Soler","isPartOf":{"@id":"https:\/\/solercristina.com\/en\/#website"},"datePublished":"2023-06-14T09:31:40+00:00","dateModified":"2023-10-04T10:52:11+00:00","description":"LEGAL WARNINGThe following text regulates the use of the website https:\/\/solercristina.com\/, by Internet users.","breadcrumb":{"@id":"https:\/\/solercristina.com\/en\/legal-warning\/#breadcrumb"},"inLanguage":"en-US","potentialAction":[{"@type":"ReadAction","target":["https:\/\/solercristina.com\/en\/legal-warning\/"]}]},{"@type":"BreadcrumbList","@id":"https:\/\/solercristina.com\/en\/legal-warning\/#breadcrumb","itemListElement":[{"@type":"ListItem","position":1,"name":"Portada","item":"https:\/\/solercristina.com\/en\/"},{"@type":"ListItem","position":2,"name":"LEGAL WARNING"}]},{"@type":"WebSite","@id":"https:\/\/solercristina.com\/en\/#website","url":"https:\/\/solercristina.com\/en\/","name":"Cristina Soler Abogados - Inmobiliaria","description":"Abogada - Inmobiliaria (Lawyers and Real Estate)","publisher":{"@id":"https:\/\/solercristina.com\/en\/#organization"},"alternateName":"Abogados - Inmobiliaria - Cristina Soler","potentialAction":[{"@type":"SearchAction","target":{"@type":"EntryPoint","urlTemplate":"https:\/\/solercristina.com\/en\/?s={search_term_string}"},"query-input":{"@type":"PropertyValueSpecification","valueRequired":true,"valueName":"search_term_string"}}],"inLanguage":"en-US"},{"@type":"Organization","@id":"https:\/\/solercristina.com\/en\/#organization","name":"Cristina Soler Abogados - Inmobiliaria","url":"https:\/\/solercristina.com\/en\/","logo":{"@type":"ImageObject","inLanguage":"en-US","@id":"https:\/\/solercristina.com\/en\/#\/schema\/logo\/image\/","url":"https:\/\/solercristina.com\/wp-content\/uploads\/2022\/11\/cropped-CSS_250x250.jpg","contentUrl":"https:\/\/solercristina.com\/wp-content\/uploads\/2022\/11\/cropped-CSS_250x250.jpg","width":512,"height":512,"caption":"Cristina Soler Abogados - Inmobiliaria"},"image":{"@id":"https:\/\/solercristina.com\/en\/#\/schema\/logo\/image\/"}}]}},"_links":{"self":[{"href":"https:\/\/solercristina.com\/en\/wp-json\/wp\/v2\/pages\/6134","targetHints":{"allow":["GET"]}}],"collection":[{"href":"https:\/\/solercristina.com\/en\/wp-json\/wp\/v2\/pages"}],"about":[{"href":"https:\/\/solercristina.com\/en\/wp-json\/wp\/v2\/types\/page"}],"author":[{"embeddable":true,"href":"https:\/\/solercristina.com\/en\/wp-json\/wp\/v2\/users\/1"}],"replies":[{"embeddable":true,"href":"https:\/\/solercristina.com\/en\/wp-json\/wp\/v2\/comments?post=6134"}],"version-history":[{"count":0,"href":"https:\/\/solercristina.com\/en\/wp-json\/wp\/v2\/pages\/6134\/revisions"}],"wp:attachment":[{"href":"https:\/\/solercristina.com\/en\/wp-json\/wp\/v2\/media?parent=6134"}],"curies":[{"name":"wp","href":"https:\/\/api.w.org\/{rel}","templated":true}]}}